{"id":6835,"date":"2025-11-19T18:13:53","date_gmt":"2025-11-19T18:13:53","guid":{"rendered":"https:\/\/afcca.net\/general-secretary\/"},"modified":"2026-01-19T14:16:17","modified_gmt":"2026-01-19T14:16:17","slug":"general-secretary","status":"publish","type":"page","link":"https:\/\/afcca.net\/fr\/general-secretary\/","title":{"rendered":"S\u00e9cr\u00e9taire G\u00e9n\u00e9ral"},"content":{"rendered":"\t\t<div data-elementor-type=\"wp-page\" data-elementor-id=\"6835\" class=\"elementor elementor-6835\">\n\t\t\t\t<div class=\"elementor-element elementor-element-8165231 e-flex e-con-boxed e-con e-parent\" data-id=\"8165231\" data-element_type=\"container\" data-settings=\"{&quot;background_background&quot;:&quot;classic&quot;}\">\n\t\t\t\t\t<div class=\"e-con-inner\">\n\t\t<div class=\"elementor-element elementor-element-df469ab e-con-full e-flex e-con e-child\" data-id=\"df469ab\" data-element_type=\"container\">\n\t\t\t\t<div class=\"elementor-element elementor-element-33565df elementor-align-center elementor-widget elementor-widget-ld_team_member\" data-id=\"33565df\" data-element_type=\"widget\" data-widget_type=\"ld_team_member.default\">\n\t\t\t\t<div class=\"elementor-widget-container\">\n\t\t\t\t\t\n\t\t<div class=\"lqd-tm pos-rel lqd-tm-style-2 border-radius-4 overflow-hidden\" >\n\n\t\t\t\t\t\t\t\t<div class=\"lqd-tm-img pos-rel\">\n\t\t\t\t\t\t<figure>\n\t\t\t\t\t\t\t<img fetchpriority=\"high\" decoding=\"async\" width=\"1772\" height=\"2480\" src=\"https:\/\/afcca.net\/wp-content\/uploads\/2025\/12\/image1-e1767079061873.jpeg\" class=\"w-100\" alt=\"L&#039;Ambassadeur Hatem Tageldin \" \/>\t\t\t\t\t\t<\/figure>\n\t\t\t\t\t\t<div class=\"lqd-tm-socials lqd-overlay d-flex align-items-center justify-content-center p-4\">\n\t\t\t\t\t\t\t\t\t\t\t\t\t<\/div>\n\t\t\t\t\t<\/div>\n\n\t\t\t\t\t<div\n\t\t\t\t\t\tclass=\"lqd-tm-details p-4 pos-rel\"\n\t\t\t\t\t\tdata-custom-animations=\"true\"\n\t\t\t\t\t\tdata-ca-options='{ \"triggerHandler\": \"inview\", \"animationTarget\": \"h3,h6\", \"duration\": 1200, \"delay\": 120,  \"startDelay\": 500, \"direction\": \"backward\", \"initValues\": { \"translateY\": -30, \"opacity\": 0 }, \"animations\": { \"translateY\": 0, \"opacity\": 1 } }'\n\t\t\t\t\t>\n\n\t\t\t\t\t\t<div class=\"lqd-tm-bg lqd-overlay\" data-reveal=\"true\" data-reveal-options='{ \"direction\": \"tb\", \"bgcolor\": \"rgba(0,0,0,0.1)\", \"duration\": 400 }'><\/div>\n\n\t\t\t\t\t\t<h3 class=\"lqd-tm-name mt-0 mb-2\">L&#039;Ambassadeur Hatem Tageldin <\/h3>\n\t\t\t\t\t\t<h6 class=\"lqd-tm-position mt-0 mb-0\"><\/h6>\n\n\t\t\t\t\t<\/div>\n\t\t\t\t\t<a class=\"lqd-overlay\" href=\"https:\/\/afcca.net\/wp-content\/uploads\/2025\/12\/french.docx\" target=\"_blank\"><\/a>\t\t\t\t\n\t\t<\/div>\n\n\t\t\t\t\t\t<\/div>\n\t\t\t\t<\/div>\n\t\t\t\t<div class=\"elementor-element elementor-element-030f378 elementor-widget elementor-widget-button\" data-id=\"030f378\" data-element_type=\"widget\" data-widget_type=\"button.default\">\n\t\t\t\t\t\t\t\t\t\t<a class=\"elementor-button elementor-button-link elementor-size-sm\" href=\"https:\/\/afcca.net\/wp-content\/uploads\/2026\/01\/BIO_Ambassador-Hatem-Tageldin-in-French_January-2026-1.pdf\" target=\"_blank\">\n\t\t\t\t\t\t<span class=\"elementor-button-content-wrapper\">\n\t\t\t\t\t\t\t\t\t<span class=\"elementor-button-text\">General Secretary CV<\/span>\n\t\t\t\t\t<\/span>\n\t\t\t\t\t<\/a>\n\t\t\t\t\t\t\t\t<\/div>\n\t\t\t\t<\/div>\n\t\t<div class=\"elementor-element elementor-element-08f3e0a e-con-full e-flex e-con e-child\" data-id=\"08f3e0a\" data-element_type=\"container\">\n\t\t\t\t<\/div>\n\t\t<div class=\"elementor-element elementor-element-6407836 e-con-full e-flex e-con e-child\" data-id=\"6407836\" data-element_type=\"container\">\n\t\t\t\t<\/div>\n\t\t<div class=\"elementor-element elementor-element-f0542b3 e-con-full e-flex e-con e-child\" data-id=\"f0542b3\" data-element_type=\"container\">\n\t\t\t\t<\/div>\n\t\t\t\t\t<\/div>\n\t\t\t\t<\/div>\n\t\t\t\t<\/div>\n\t\t","protected":false},"excerpt":{"rendered":"<p>L&#039;Ambassadeur Hatem Tageldin General Secretary CV<\/p>\n","protected":false},"author":1,"featured_media":0,"parent":0,"menu_order":0,"comment_status":"closed","ping_status":"closed","template":"","meta":{"footnotes":""},"class_list":["post-6835","page","type-page","status-publish","hentry"],"_links":{"self":[{"href":"https:\/\/afcca.net\/fr\/wp-json\/wp\/v2\/pages\/6835","targetHints":{"allow":["GET"]}}],"collection":[{"href":"https:\/\/afcca.net\/fr\/wp-json\/wp\/v2\/pages"}],"about":[{"href":"https:\/\/afcca.net\/fr\/wp-json\/wp\/v2\/types\/page"}],"author":[{"embeddable":true,"href":"https:\/\/afcca.net\/fr\/wp-json\/wp\/v2\/users\/1"}],"replies":[{"embeddable":true,"href":"https:\/\/afcca.net\/fr\/wp-json\/wp\/v2\/comments?post=6835"}],"version-history":[{"count":8,"href":"https:\/\/afcca.net\/fr\/wp-json\/wp\/v2\/pages\/6835\/revisions"}],"predecessor-version":[{"id":11136,"href":"https:\/\/afcca.net\/fr\/wp-json\/wp\/v2\/pages\/6835\/revisions\/11136"}],"wp:attachment":[{"href":"https:\/\/afcca.net\/fr\/wp-json\/wp\/v2\/media?parent=6835"}],"curies":[{"name":"wp","href":"https:\/\/api.w.org\/{rel}","templated":true}]}}