{"id":6814,"date":"2025-11-27T19:56:59","date_gmt":"2025-11-27T19:56:59","guid":{"rendered":"https:\/\/afcca.net\/benefits\/"},"modified":"2026-01-14T10:04:55","modified_gmt":"2026-01-14T10:04:55","slug":"benefits","status":"publish","type":"page","link":"https:\/\/afcca.net\/fr\/benefits\/","title":{"rendered":"Avantages li\u00e9s \u00e0 l&#8217;adh\u00e9sion \u00e0 la F\u00e9d\u00e9ration"},"content":{"rendered":"\t\t<div data-elementor-type=\"wp-page\" data-elementor-id=\"6814\" class=\"elementor elementor-6814\">\n\t\t\t\t<div class=\"elementor-element elementor-element-efa6cdb e-flex e-con-boxed e-con e-parent\" data-id=\"efa6cdb\" data-element_type=\"container\">\n\t\t\t\t\t<div class=\"e-con-inner\">\n\t\t\t\t<div class=\"elementor-element elementor-element-e9f7c32 elementor-widget elementor-widget-text-editor\" data-id=\"e9f7c32\" data-element_type=\"widget\" data-widget_type=\"text-editor.default\">\n\t\t\t\t\t\t\t\t\t<p><strong>Conditions et Avantages de l&#8217;adh\u00e9sion en tant que Membre Affili\u00e9<\/strong><\/p><p>1-\u00a0\u00a0 Le Statut de Membre Affili\u00e9 de la F\u00e9d\u00e9ration est accord\u00e9 aux entreprises op\u00e9rantes dans le secteur de la construction, notamment les entreprises contractantes, les soci\u00e9t\u00e9s de conseil, les mat\u00e9riaux de construction et autres.<\/p><p>2-\u00a0\u00a0 Le Membre Affili\u00e9 a le droit d&#8217;assister \u00e0 la r\u00e9union de l&#8217;Assembl\u00e9e G\u00e9n\u00e9rale tenue au si\u00e8ge\u00a0 de la F\u00e9d\u00e9ration au Caire, et comprend les D\u00e9l\u00e9gations des F\u00e9d\u00e9rations, Organisations et Associations d&#8217;Entrepreneurs Africains Membres de la F\u00e9d\u00e9ration,\u00a0<\/p><p>\u00a0Les membres peuvent \u00e9galement participer \u00e0 des r\u00e9unions parall\u00e8les avec les institutions financi\u00e8res internationales et nationales li\u00e9es au\u00a0 domaine de la construction.<\/p><p>3-\u00a0\u00a0 Le Membre Affili\u00e9 a le droit d&#8217;assister \u00e0 la r\u00e9union du Bureau Ex\u00e9cutif de\u00a0 la F\u00e9d\u00e9ration qui se tient au si\u00e8ge de l&#8217;un des \u00c9tats Membres. Les frais de d\u00e9placement et d&#8217;h\u00e9bergement sont \u00e0 la charge du repr\u00e9sentant du Membre Affili\u00e9.<\/p><p>4-\u00a0\u00a0 Le Membre Affili\u00e9 est autoris\u00e9 \u00e0 assister et \u00e0 participer aux r\u00e9unions, conf\u00e9rences, expositions et visites sur le terrain de la F\u00e9d\u00e9ration Africaine organis\u00e9es \u00e0 l&#8217;int\u00e9rieur et \u00e0 l&#8217;ext\u00e9rieur de la R\u00e9publique Arabe d&#8217;\u00c9gypte, le Membre repr\u00e9sentant la soci\u00e9t\u00e9 prend en charge tous les frais de d\u00e9placement et d&#8217;h\u00e9bergement \u00e0 l&#8217;\u00e9tranger.<\/p><p>5-\u00a0\u00a0\u00a0 Le Membre Affili\u00e9 est autoris\u00e9 \u00e0 pr\u00e9senter le profil de l&#8217;entreprise dans le secteur de la construction\u00a0 lors des r\u00e9unions de la F\u00e9d\u00e9ration (auxquelles participent les dirigeants des associations africaines d&#8217;entrepreneurs et les repr\u00e9sentants des principales entreprises africaines de construction), en marge de l&#8217;Assembl\u00e9e G\u00e9n\u00e9rale, du Bureau Ex\u00e9cutif et de toute autre r\u00e9union organis\u00e9e par la F\u00e9d\u00e9ration, en fonction de l&#8217;ordre du jour et du temps disponible.<\/p><p>6- La F\u00e9d\u00e9ration apporte son aide aux membres affili\u00e9s, notamment en faisant la promotion de leurs activit\u00e9s par le biais des canaux de la F\u00e9d\u00e9ration, en partageant les invitations \u00e0 participer \u00e0 des \u00e9v\u00e9nements sp\u00e9cifiques au secteur de la construction et du b\u00e2timent en Afrique, et en facilitant la coordination avec les entreprises et institutions Africaines.<\/p><ol start=\"7\"><li>La cotisation annuelle pour devenir Membre Affili\u00e9 est de 2 000 dollars am\u00e9ricains ou l&#8217;\u00e9quivalent en livres \u00e9gyptiennes. Chaque Membre Affili\u00e9 re\u00e7oit une carte d&#8217;adh\u00e9rent qui est renouvel\u00e9e chaque ann\u00e9e apr\u00e8s le paiement de la cotisation.<\/li><\/ol><ol start=\"8\"><li>Les entreprises souhaitant devenir Membres Affili\u00e9s doivent envoyer une demande par e-mail \u00e0 l&#8217;adresse suivante : <a href=\"mailto:general_secretariat@afcca.net\">general_secretariat@afcca.net<\/a> , puis s&#8217;adresser au si\u00e8ge de la F\u00e9d\u00e9ration au Caire afin d&#8217;effectuer les d\u00e9marches d&#8217;adh\u00e9sion requises et de r\u00e9gler leur cotisation.<\/li><\/ol><p><strong>R\u00e8gles d&#8217;adh\u00e9sion en tant que Membre d`Origine et Affili\u00e9 <\/strong><\/p><ul><li>Conform\u00e9ment \u00e0 l&#8217;article (4) des statuts de la F\u00e9d\u00e9ration, toute organisation, autorit\u00e9, f\u00e9d\u00e9ration ou association repr\u00e9sentant des entrepreneurs ou la profession d&#8217;entrepreneur dans un pays africain peut devenir Membre.<\/li><\/ul><ul><li>Le statut des r\u00e8glements int\u00e9rieurs \u00e9tabli par le Bureau Ex\u00e9cutif d\u00e9termine les modalit\u00e9s et proc\u00e9dures d&#8217;admission \u00e0 la F\u00e9d\u00e9ration, les cotisations et l&#8217;abonnement .<\/li><\/ul><ul><li>Conform\u00e9ment \u00e0 l&#8217;article (5), l&#8217;Assembl\u00e9e G\u00e9n\u00e9rale a le droit d&#8217;adopter une r\u00e9solution concernant l&#8217;adh\u00e9sion de toute entit\u00e9 africaine, r\u00e9gionale ou internationale, ou de toute organisation professionnelle sp\u00e9cialis\u00e9e op\u00e9rant dans le domaine de la construction. Ces organismes peuvent adh\u00e9rer \u00e0 la F\u00e9d\u00e9ration en tant que Membres Affili\u00e9s.<\/li><\/ul><ul><li>Les candidats \u00e0 l&#8217;adh\u00e9sion doivent se conformer \u00e0 l&#8217;article (6) des statuts de la F\u00e9d\u00e9ration, qui stipule que les Membres de la F\u00e9d\u00e9ration doivent se conformer aux dispositions des statuts, s&#8217;efforcer d&#8217;atteindre les objectifs qui y sont \u00e9nonc\u00e9s, poursuivre la r\u00e9alisation des int\u00e9r\u00eats l\u00e9gitimes de ses membres, pr\u00e9server les traditions et les coutumes qui garantissent le respect de la profession et pr\u00e9venir les abus. Ils doivent \u00e9galement respecter et mettre en \u0153uvre les d\u00e9cisions prises par l&#8217;Assembl\u00e9e G\u00e9n\u00e9rale ou le Bureau Ex\u00e9cutif. Ils sont \u00e9galement tenus de payer les cotisations annuelles \u00e0 la date d&#8217;\u00e9ch\u00e9ance fix\u00e9e par la F\u00e9d\u00e9ration.<\/li><\/ul>\t\t\t\t\t\t\t\t<\/div>\n\t\t\t\t\t<\/div>\n\t\t\t\t<\/div>\n\t\t<div class=\"elementor-element elementor-element-485ae16 e-flex e-con-boxed e-con e-parent\" data-id=\"485ae16\" data-element_type=\"container\">\n\t\t\t\t\t<div class=\"e-con-inner\">\n\t\t<div class=\"elementor-element elementor-element-15016ff6 e-con-full e-flex e-con e-child\" data-id=\"15016ff6\" data-element_type=\"container\">\n\t\t\t\t<\/div>\n\t\t<div class=\"elementor-element elementor-element-f646d30 e-con-full e-flex e-con e-child\" data-id=\"f646d30\" data-element_type=\"container\">\n\t\t\t\t<div class=\"elementor-element elementor-element-6bfad69 elementor-widget elementor-widget-heading\" data-id=\"6bfad69\" data-element_type=\"widget\" data-widget_type=\"heading.default\">\n\t\t\t\t\t<h2 class=\"elementor-heading-title elementor-size-default\">                    Rejoignez - Nous<\/h2>\t\t\t\t<\/div>\n\t\t\t\t<div class=\"elementor-element elementor-element-4ba61e90 elementor-widget elementor-widget-ld_cf722\" data-id=\"4ba61e90\" data-element_type=\"widget\" data-widget_type=\"ld_cf722.default\">\n\t\t\t\t<div class=\"elementor-widget-container\">\n\t\t\t\t\t\n\t<div class=\"lqd-contact-form lqd-contact-form-inputs-underlined lqd-contact-form-button-block\" >\n\t\t\n<div class=\"wpcf7 no-js\" id=\"wpcf7-f10767-o1\" lang=\"en-US\" dir=\"ltr\" data-wpcf7-id=\"10767\">\n<div class=\"screen-reader-response\"><p role=\"status\" aria-live=\"polite\" aria-atomic=\"true\"><\/p> <ul><\/ul><\/div>\n<form action=\"\/fr\/wp-json\/wp\/v2\/pages\/6814#wpcf7-f10767-o1\" method=\"post\" class=\"wpcf7-form init\" aria-label=\"Contact form\" novalidate=\"novalidate\" data-status=\"init\">\n<fieldset class=\"hidden-fields-container\"><input type=\"hidden\" name=\"_wpcf7\" value=\"10767\" \/><input type=\"hidden\" name=\"_wpcf7_version\" value=\"6.1.2\" \/><input type=\"hidden\" name=\"_wpcf7_locale\" value=\"en_US\" \/><input type=\"hidden\" name=\"_wpcf7_unit_tag\" value=\"wpcf7-f10767-o1\" \/><input type=\"hidden\" name=\"_wpcf7_container_post\" value=\"0\" \/><input type=\"hidden\" name=\"_wpcf7_posted_data_hash\" value=\"\" \/>\n<\/fieldset>\n<p>Votre nom<br \/>\n<span class=\"wpcf7-form-control-wrap\" data-name=\"your-name\"><input size=\"40\" maxlength=\"400\" class=\"wpcf7-form-control wpcf7-text wpcf7-validates-as-required\" aria-required=\"true\" aria-invalid=\"false\" value=\"\" type=\"text\" name=\"your-name\" \/><\/span><br \/>\nNom de famille<br \/>\n<span class=\"wpcf7-form-control-wrap\" data-name=\"your-name\"><input size=\"40\" maxlength=\"400\" class=\"wpcf7-form-control wpcf7-text wpcf7-validates-as-required\" aria-required=\"true\" aria-invalid=\"false\" value=\"\" type=\"text\" name=\"your-name\" \/><\/span><br \/>\nVotre Email<br \/>\n<span class=\"wpcf7-form-control-wrap\" data-name=\"your-email\"><input size=\"40\" maxlength=\"400\" class=\"wpcf7-form-control wpcf7-email wpcf7-validates-as-required wpcf7-text wpcf7-validates-as-email\" aria-required=\"true\" aria-invalid=\"false\" value=\"\" type=\"email\" name=\"your-email\" \/><\/span><br \/>\nPays<br \/>\n<span class=\"wpcf7-form-control-wrap\" data-name=\"Country\"><input size=\"40\" maxlength=\"400\" class=\"wpcf7-form-control wpcf7-text\" aria-invalid=\"false\" value=\"\" type=\"text\" name=\"Country\" \/><\/span><br \/>\nNum\u00e9ro de t\u00e9l\u00e9phone<br \/>\n<span class=\"wpcf7-form-control-wrap\" data-name=\"Phone\"><input size=\"40\" maxlength=\"400\" class=\"wpcf7-form-control wpcf7-tel wpcf7-text wpcf7-validates-as-tel\" autocomplete=\"tel\" aria-invalid=\"false\" value=\"\" type=\"tel\" name=\"Phone\" \/><\/span><br \/>\nRemarques<br \/>\n<span class=\"wpcf7-form-control-wrap\" data-name=\"your-message\"><textarea cols=\"10\" rows=\"4\" maxlength=\"2000\" class=\"wpcf7-form-control wpcf7-textarea\" aria-invalid=\"false\" name=\"your-message\"><\/textarea><\/span><br \/>\n<input class=\"wpcf7-form-control wpcf7-submit has-spinner\" type=\"submit\" value=\"Envoyer un message\" \/>\n<\/p><div class=\"wpcf7-response-output\" aria-hidden=\"true\"><\/div>\n<\/form>\n<\/div>\n\t<\/div>\n\n\t\t\t\t\t<\/div>\n\t\t\t\t<\/div>\n\t\t\t\t<\/div>\n\t\t<div class=\"elementor-element elementor-element-2e23c94c e-con-full e-flex e-con e-child\" data-id=\"2e23c94c\" data-element_type=\"container\">\n\t\t\t\t<\/div>\n\t\t\t\t\t<\/div>\n\t\t\t\t<\/div>\n\t\t\t\t<\/div>\n\t\t","protected":false},"excerpt":{"rendered":"<p>Conditions et Avantages de l&#8217;adh\u00e9sion en tant que Membre Affili\u00e9 1-\u00a0\u00a0 Le Statut de Membre Affili\u00e9 de la F\u00e9d\u00e9ration est accord\u00e9 aux entreprises op\u00e9rantes dans le secteur de la construction, notamment les entreprises contractantes, les soci\u00e9t\u00e9s de conseil, les mat\u00e9riaux de construction et autres. 2-\u00a0\u00a0 Le Membre Affili\u00e9 a le droit d&#8217;assister \u00e0 la r\u00e9union [&hellip;]<\/p>\n","protected":false},"author":1,"featured_media":0,"parent":0,"menu_order":0,"comment_status":"closed","ping_status":"closed","template":"","meta":{"footnotes":""},"class_list":["post-6814","page","type-page","status-publish","hentry"],"_links":{"self":[{"href":"https:\/\/afcca.net\/fr\/wp-json\/wp\/v2\/pages\/6814","targetHints":{"allow":["GET"]}}],"collection":[{"href":"https:\/\/afcca.net\/fr\/wp-json\/wp\/v2\/pages"}],"about":[{"href":"https:\/\/afcca.net\/fr\/wp-json\/wp\/v2\/types\/page"}],"author":[{"embeddable":true,"href":"https:\/\/afcca.net\/fr\/wp-json\/wp\/v2\/users\/1"}],"replies":[{"embeddable":true,"href":"https:\/\/afcca.net\/fr\/wp-json\/wp\/v2\/comments?post=6814"}],"version-history":[{"count":27,"href":"https:\/\/afcca.net\/fr\/wp-json\/wp\/v2\/pages\/6814\/revisions"}],"predecessor-version":[{"id":10865,"href":"https:\/\/afcca.net\/fr\/wp-json\/wp\/v2\/pages\/6814\/revisions\/10865"}],"wp:attachment":[{"href":"https:\/\/afcca.net\/fr\/wp-json\/wp\/v2\/media?parent=6814"}],"curies":[{"name":"wp","href":"https:\/\/api.w.org\/{rel}","templated":true}]}}